{"id":9,"date":"2023-04-15T21:59:42","date_gmt":"2023-04-15T21:59:42","guid":{"rendered":"https:\/\/alejandraosejo.com\/?page_id=9"},"modified":"2023-04-15T22:19:58","modified_gmt":"2023-04-15T22:19:58","slug":"alejandra-osejo-varona","status":"publish","type":"page","link":"https:\/\/alejandraosejo.com\/","title":{"rendered":"Alejandra Osejo-Varona"},"content":{"rendered":"\n<p>I am a Colombian anthropologist with extensive experience in interdisciplinary research.<\/p>\n\n\n\n<p>My training and research experience are linked to environmental conflicts, biodiversity, and water conservation. I studied Anthropology at Universidad del Cauca, in Popay\u00e1n (Colombia).There, I worked as a lecturer at Universidad del Cauca, Fundaci\u00f3n Universitaria de Popay\u00e1n and Universidad Nacional Abierta y Distancia.<\/p>\n\n\n\n<p>I also participated in various research projects at Universidad del Cauca about the effects of the country&#8217;s armed conflict on campesinos, Indigenous and Afro-descendant people involving ecological and health aspects. In parallel, I became acquainted with community organizations to support their processes with my academic skills. Then, motivated by interdisciplinary dialogues, I studied a MSc in Rural Development at the Universidade Federal do Rio Grande do Sul, funded by a grant from the Brazilian government.<\/p>\n\n\n\n<p>Upon returning to Colombia, I worked at the Instituto Humboldt, the national research institute linked in charge of advising policymaking on biodiversity and ecosystem services in the country. At this Institute, I researched the conflicts and tensions derived from exclusionary conservation policies in the Colombian high mountain. Also, I developed projects about sustainable use of the forest, processes of community tourism, exchanges between traditional and scientific knowledge systems, and sustainable agricultural developments based on local knowledge.<\/p>\n\n\n\n<p>Currently, I am studying a Ph.D. in Anthropology, focused on Environmental Anthropology, Social Studies of Science and Technology, Critical Cartography, and Experimental Ethnography.<\/p>\n","protected":false},"excerpt":{"rendered":"<p>I am a Colombian anthropologist with extensive experience in interdisciplinary research. My training and research experience are linked to environmental conflicts, biodiversity, and water conservation. I studied Anthropology at Universidad del Cauca, in Popay\u00e1n (Colombia).There, I worked as a lecturer at Universidad del Cauca, Fundaci\u00f3n Universitaria de Popay\u00e1n and Universidad Nacional Abierta y Distancia. I [&hellip;]<\/p>\n","protected":false},"author":1,"featured_media":0,"parent":0,"menu_order":0,"comment_status":"closed","ping_status":"closed","template":"wp-custom-template-temporal","meta":{"footnotes":""},"class_list":["post-9","page","type-page","status-publish","hentry"],"_links":{"self":[{"href":"https:\/\/alejandraosejo.com\/index.php?rest_route=\/wp\/v2\/pages\/9","targetHints":{"allow":["GET"]}}],"collection":[{"href":"https:\/\/alejandraosejo.com\/index.php?rest_route=\/wp\/v2\/pages"}],"about":[{"href":"https:\/\/alejandraosejo.com\/index.php?rest_route=\/wp\/v2\/types\/page"}],"author":[{"embeddable":true,"href":"https:\/\/alejandraosejo.com\/index.php?rest_route=\/wp\/v2\/users\/1"}],"replies":[{"embeddable":true,"href":"https:\/\/alejandraosejo.com\/index.php?rest_route=%2Fwp%2Fv2%2Fcomments&post=9"}],"version-history":[{"count":1,"href":"https:\/\/alejandraosejo.com\/index.php?rest_route=\/wp\/v2\/pages\/9\/revisions"}],"predecessor-version":[{"id":10,"href":"https:\/\/alejandraosejo.com\/index.php?rest_route=\/wp\/v2\/pages\/9\/revisions\/10"}],"wp:attachment":[{"href":"https:\/\/alejandraosejo.com\/index.php?rest_route=%2Fwp%2Fv2%2Fmedia&parent=9"}],"curies":[{"name":"wp","href":"https:\/\/api.w.org\/{rel}","templated":true}]}}